{"id":15,"date":"2026-02-14T16:11:21","date_gmt":"2026-02-14T16:11:21","guid":{"rendered":"https:\/\/mediumturquoise-yak-520047.hostingersite.com\/?page_id=15"},"modified":"2026-03-15T15:11:36","modified_gmt":"2026-03-15T15:11:36","slug":"nosotros","status":"publish","type":"page","link":"https:\/\/customizacar.es\/en\/nosotros\/","title":{"rendered":"Us"},"content":{"rendered":"\n<div class=\"wp-block-cover\"><img decoding=\"async\" width=\"279\" height=\"131\" class=\"wp-block-cover__image-background wp-image-612 size-full\" alt=\"\" src=\"https:\/\/customizacar.es\/wp-content\/uploads\/2026\/02\/Captura-de-pantalla-2026-02-15-103218-39.png\" data-object-fit=\"cover\" srcset=\"https:\/\/customizacar.es\/wp-content\/uploads\/2026\/02\/Captura-de-pantalla-2026-02-15-103218-39.png 279w, https:\/\/customizacar.es\/wp-content\/uploads\/2026\/02\/Captura-de-pantalla-2026-02-15-103218-39-18x8.png 18w\" sizes=\"(max-width: 279px) 100vw, 279px\" \/><span aria-hidden=\"true\" class=\"wp-block-cover__background has-background-dim-90 has-background-dim\" style=\"background-color:#404853\"><\/span><div class=\"wp-block-cover__inner-container is-layout-constrained wp-block-cover-is-layout-constrained\"><style>.wp-block-kadence-advancedheading.kt-adv-heading15_5b4432-05, .wp-block-kadence-advancedheading.kt-adv-heading15_5b4432-05[data-kb-block=\"kb-adv-heading15_5b4432-05\"]{text-align:center;font-size:var(--global-kb-font-size-xxl, 4rem);font-weight:400;font-style:normal;font-family:Roboto;}.wp-block-kadence-advancedheading.kt-adv-heading15_5b4432-05 mark.kt-highlight, .wp-block-kadence-advancedheading.kt-adv-heading15_5b4432-05[data-kb-block=\"kb-adv-heading15_5b4432-05\"] mark.kt-highlight{font-style:normal;color:#f76a0c;-webkit-box-decoration-break:clone;box-decoration-break:clone;padding-top:0px;padding-right:0px;padding-bottom:0px;padding-left:0px;}.wp-block-kadence-advancedheading.kt-adv-heading15_5b4432-05 img.kb-inline-image, .wp-block-kadence-advancedheading.kt-adv-heading15_5b4432-05[data-kb-block=\"kb-adv-heading15_5b4432-05\"] img.kb-inline-image{width:150px;vertical-align:baseline;}<\/style>\n<h2 class=\"kt-adv-heading15_5b4432-05 wp-block-kadence-advancedheading has-theme-palette-9-color has-text-color\" data-kb-block=\"kb-adv-heading15_5b4432-05\">Bienvenidos a<\/h2>\n\n\n<style>.wp-block-kadence-advancedheading.kt-adv-heading15_b25cfb-3f, .wp-block-kadence-advancedheading.kt-adv-heading15_b25cfb-3f[data-kb-block=\"kb-adv-heading15_b25cfb-3f\"]{text-align:center;font-size:var(--global-kb-font-size-xxl, 4rem);font-weight:400;font-style:normal;font-family:Roboto;}.wp-block-kadence-advancedheading.kt-adv-heading15_b25cfb-3f mark.kt-highlight, .wp-block-kadence-advancedheading.kt-adv-heading15_b25cfb-3f[data-kb-block=\"kb-adv-heading15_b25cfb-3f\"] mark.kt-highlight{font-style:normal;color:#f76a0c;-webkit-box-decoration-break:clone;box-decoration-break:clone;padding-top:0px;padding-right:0px;padding-bottom:0px;padding-left:0px;}.wp-block-kadence-advancedheading.kt-adv-heading15_b25cfb-3f img.kb-inline-image, .wp-block-kadence-advancedheading.kt-adv-heading15_b25cfb-3f[data-kb-block=\"kb-adv-heading15_b25cfb-3f\"] img.kb-inline-image{width:150px;vertical-align:baseline;}<\/style>\n<h2 class=\"kt-adv-heading15_b25cfb-3f wp-block-kadence-advancedheading has-theme-palette-9-color has-text-color\" data-kb-block=\"kb-adv-heading15_b25cfb-3f\">Customiza Car Details<\/h2>\n<\/div><\/div>\n\n\n\n<div class=\"wp-block-cover alignfull\" style=\"margin-top:-35px;margin-bottom:0px\"><img decoding=\"async\" width=\"279\" height=\"131\" class=\"wp-block-cover__image-background wp-image-617 size-full\" alt=\"\" src=\"https:\/\/customizacar.es\/wp-content\/uploads\/2026\/02\/Captura-de-pantalla-2026-02-15-103218-40.png\" data-object-fit=\"cover\" srcset=\"https:\/\/customizacar.es\/wp-content\/uploads\/2026\/02\/Captura-de-pantalla-2026-02-15-103218-40.png 279w, https:\/\/customizacar.es\/wp-content\/uploads\/2026\/02\/Captura-de-pantalla-2026-02-15-103218-40-18x8.png 18w\" sizes=\"(max-width: 279px) 100vw, 279px\" \/><span aria-hidden=\"true\" class=\"wp-block-cover__background has-background-dim-90 has-background-dim\" style=\"background-color:#404853\"><\/span><div class=\"wp-block-cover__inner-container is-layout-constrained wp-block-cover-is-layout-constrained\"><style>.wp-block-kadence-advancedheading.kt-adv-heading15_71efc1-90, .wp-block-kadence-advancedheading.kt-adv-heading15_71efc1-90[data-kb-block=\"kb-adv-heading15_71efc1-90\"]{text-align:center;font-size:var(--global-kb-font-size-xl, 3rem);font-weight:400;font-style:normal;font-family:Roboto;color:#00ccff;}.wp-block-kadence-advancedheading.kt-adv-heading15_71efc1-90 mark.kt-highlight, .wp-block-kadence-advancedheading.kt-adv-heading15_71efc1-90[data-kb-block=\"kb-adv-heading15_71efc1-90\"] mark.kt-highlight{font-style:normal;color:#f76a0c;-webkit-box-decoration-break:clone;box-decoration-break:clone;padding-top:0px;padding-right:0px;padding-bottom:0px;padding-left:0px;}.wp-block-kadence-advancedheading.kt-adv-heading15_71efc1-90 img.kb-inline-image, .wp-block-kadence-advancedheading.kt-adv-heading15_71efc1-90[data-kb-block=\"kb-adv-heading15_71efc1-90\"] img.kb-inline-image{width:150px;vertical-align:baseline;}<\/style>\n<h2 class=\"kt-adv-heading15_71efc1-90 wp-block-kadence-advancedheading\" data-kb-block=\"kb-adv-heading15_71efc1-90\">Cuatro D\u00e9cadas de Pasi\u00f3n por el Motor en M\u00e1laga<\/h2>\n\n\n<style>.wp-block-kadence-spacer.kt-block-spacer-15_400280-78 .kt-block-spacer{height:60px;}.wp-block-kadence-spacer.kt-block-spacer-15_400280-78 .kt-divider{border-top-width:1px;height:1px;border-top-color:#00ccff;width:80%;border-top-style:solid;}<\/style>\n<div class=\"wp-block-kadence-spacer aligncenter kt-block-spacer-15_400280-78\"><div class=\"kt-block-spacer kt-block-spacer-halign-center\"><hr class=\"kt-divider\"\/><\/div><\/div>\n\n\n\n<div class=\"wp-block-columns is-layout-flex wp-container-core-columns-is-layout-9d6595d7 wp-block-columns-is-layout-flex\">\n<div class=\"wp-block-column is-layout-flow wp-block-column-is-layout-flow\"><style>.kb-image15_5898c2-42 .kb-image-has-overlay:after{opacity:0.3;border-top-left-radius:10px;border-top-right-radius:10px;border-bottom-right-radius:10px;border-bottom-left-radius:10px;}.kb-image15_5898c2-42 img.kb-img, .kb-image15_5898c2-42 .kb-img img{border-top-left-radius:10px;border-top-right-radius:10px;border-bottom-right-radius:10px;border-bottom-left-radius:10px;}<\/style>\n<figure class=\"wp-block-kadence-image kb-image15_5898c2-42 size-full kb-image-is-ratio-size\"><div class=\"kb-is-ratio-image kb-image-ratio-land43\"><img fetchpriority=\"high\" decoding=\"async\" width=\"817\" height=\"1020\" src=\"https:\/\/customizacar.es\/wp-content\/uploads\/2026\/02\/03.webp\" alt=\"\" class=\"kb-img wp-image-620\" srcset=\"https:\/\/customizacar.es\/wp-content\/uploads\/2026\/02\/03.webp 817w, https:\/\/customizacar.es\/wp-content\/uploads\/2026\/02\/03-240x300.webp 240w, https:\/\/customizacar.es\/wp-content\/uploads\/2026\/02\/03-768x959.webp 768w, https:\/\/customizacar.es\/wp-content\/uploads\/2026\/02\/03-10x12.webp 10w\" sizes=\"(max-width: 817px) 100vw, 817px\" \/><\/div><\/figure>\n<\/div>\n\n\n\n<div class=\"wp-block-column is-vertically-aligned-center is-layout-flow wp-block-column-is-layout-flow\"><style>.wp-block-kadence-advancedheading.kt-adv-heading15_dea216-68, .wp-block-kadence-advancedheading.kt-adv-heading15_dea216-68[data-kb-block=\"kb-adv-heading15_dea216-68\"]{text-align:center;font-size:var(--global-kb-font-size-md, 1.25rem);font-weight:400;font-style:normal;font-family:Roboto;}.wp-block-kadence-advancedheading.kt-adv-heading15_dea216-68 mark.kt-highlight, .wp-block-kadence-advancedheading.kt-adv-heading15_dea216-68[data-kb-block=\"kb-adv-heading15_dea216-68\"] mark.kt-highlight{font-style:normal;color:#f76a0c;-webkit-box-decoration-break:clone;box-decoration-break:clone;padding-top:0px;padding-right:0px;padding-bottom:0px;padding-left:0px;}.wp-block-kadence-advancedheading.kt-adv-heading15_dea216-68 img.kb-inline-image, .wp-block-kadence-advancedheading.kt-adv-heading15_dea216-68[data-kb-block=\"kb-adv-heading15_dea216-68\"] img.kb-inline-image{width:150px;vertical-align:baseline;}<\/style>\n<h2 class=\"kt-adv-heading15_dea216-68 wp-block-kadence-advancedheading\" data-kb-block=\"kb-adv-heading15_dea216-68\">En <strong>Customiza Car Details<\/strong>, la experiencia es nuestro sello de garant\u00eda. Con m\u00e1s de <strong>40 a\u00f1os de trayectoria<\/strong> en el sector, hemos evolucionado desde la tapicer\u00eda artesanal cl\u00e1sica hasta convertirnos en un referente del <em>Detailing<\/em> moderno. No solo lavamos o reparamos; aplicamos el saber hacer de la vieja escuela junto a las \u00faltimas tecnolog\u00edas en protecci\u00f3n cer\u00e1mica y restauraci\u00f3n. Conocemos cada material y cada curva de tu coche porque llevamos toda una vida dedicados a ello.<\/h2>\n<\/div>\n<\/div>\n<\/div><\/div>\n","protected":false},"excerpt":{"rendered":"","protected":false},"author":1,"featured_media":495,"parent":0,"menu_order":0,"comment_status":"closed","ping_status":"closed","template":"","meta":{"_uag_custom_page_level_css":"","_kad_post_transparent":"disable","_kad_post_title":"hide","_kad_post_layout":"fullwidth","_kad_post_sidebar_id":"","_kad_post_content_style":"unboxed","_kad_post_vertical_padding":"hide","_kad_post_feature":"hide","_kad_post_feature_position":"","_kad_post_header":false,"_kad_post_footer":false,"_kad_post_classname":"","footnotes":""},"class_list":["post-15","page","type-page","status-publish","has-post-thumbnail","hentry"],"yoast_head":"<!-- This site is optimized with the Yoast SEO plugin v27.3 - https:\/\/yoast.com\/product\/yoast-seo-wordpress\/ -->\n<title>Sobre Nosotros: Expertos en Detailing en M\u00e1laga | Customizacar<\/title>\n<meta name=\"description\" content=\"Conoce al equipo de Customizacar. Somos apasionados del detailing, la tapicer\u00eda premium y la restauraci\u00f3n de veh\u00edculos en M\u00e1laga. Descubre nuestra historia.\" \/>\n<meta name=\"robots\" content=\"index, follow, max-snippet:-1, max-image-preview:large, max-video-preview:-1\" \/>\n<link rel=\"canonical\" href=\"https:\/\/customizacar.es\/en\/nosotros\/\" \/>\n<meta property=\"og:locale\" content=\"en_GB\" \/>\n<meta property=\"og:type\" content=\"article\" \/>\n<meta property=\"og:title\" content=\"Sobre Nosotros: Expertos en Detailing en M\u00e1laga | Customizacar\" \/>\n<meta property=\"og:description\" content=\"Conoce al equipo de Customizacar. Somos apasionados del detailing, la tapicer\u00eda premium y la restauraci\u00f3n de veh\u00edculos en M\u00e1laga. Descubre nuestra historia.\" \/>\n<meta property=\"og:url\" content=\"https:\/\/customizacar.es\/en\/nosotros\/\" \/>\n<meta property=\"og:site_name\" content=\"Customizacar\" \/>\n<meta property=\"article:modified_time\" content=\"2026-03-15T15:11:36+00:00\" \/>\n<meta property=\"og:image\" content=\"https:\/\/customizacar.es\/wp-content\/uploads\/2026\/02\/cropped-2021-05-07-removebg-preview-1.png\" \/>\n\t<meta property=\"og:image:width\" content=\"512\" \/>\n\t<meta property=\"og:image:height\" content=\"512\" \/>\n\t<meta property=\"og:image:type\" content=\"image\/png\" \/>\n<meta name=\"twitter:card\" content=\"summary_large_image\" \/>\n<meta name=\"twitter:label1\" content=\"Estimated reading time\" \/>\n\t<meta name=\"twitter:data1\" content=\"2 minutes\" \/>\n<script type=\"application\/ld+json\" class=\"yoast-schema-graph\">{\"@context\":\"https:\\\/\\\/schema.org\",\"@graph\":[{\"@type\":\"WebPage\",\"@id\":\"https:\\\/\\\/customizacar.es\\\/nosotros\\\/\",\"url\":\"https:\\\/\\\/customizacar.es\\\/nosotros\\\/\",\"name\":\"Sobre Nosotros: Expertos en Detailing en M\u00e1laga | Customizacar\",\"isPartOf\":{\"@id\":\"https:\\\/\\\/mediumturquoise-yak-520047.hostingersite.com\\\/#website\"},\"primaryImageOfPage\":{\"@id\":\"https:\\\/\\\/customizacar.es\\\/nosotros\\\/#primaryimage\"},\"image\":{\"@id\":\"https:\\\/\\\/customizacar.es\\\/nosotros\\\/#primaryimage\"},\"thumbnailUrl\":\"https:\\\/\\\/customizacar.es\\\/wp-content\\\/uploads\\\/2026\\\/02\\\/cropped-2021-05-07-removebg-preview-1.png\",\"datePublished\":\"2026-02-14T16:11:21+00:00\",\"dateModified\":\"2026-03-15T15:11:36+00:00\",\"description\":\"Conoce al equipo de Customizacar. Somos apasionados del detailing, la tapicer\u00eda premium y la restauraci\u00f3n de veh\u00edculos en M\u00e1laga. Descubre nuestra historia.\",\"breadcrumb\":{\"@id\":\"https:\\\/\\\/customizacar.es\\\/nosotros\\\/#breadcrumb\"},\"inLanguage\":\"en-GB\",\"potentialAction\":[{\"@type\":\"ReadAction\",\"target\":[\"https:\\\/\\\/customizacar.es\\\/nosotros\\\/\"]}]},{\"@type\":\"ImageObject\",\"inLanguage\":\"en-GB\",\"@id\":\"https:\\\/\\\/customizacar.es\\\/nosotros\\\/#primaryimage\",\"url\":\"https:\\\/\\\/customizacar.es\\\/wp-content\\\/uploads\\\/2026\\\/02\\\/cropped-2021-05-07-removebg-preview-1.png\",\"contentUrl\":\"https:\\\/\\\/customizacar.es\\\/wp-content\\\/uploads\\\/2026\\\/02\\\/cropped-2021-05-07-removebg-preview-1.png\",\"width\":512,\"height\":512},{\"@type\":\"BreadcrumbList\",\"@id\":\"https:\\\/\\\/customizacar.es\\\/nosotros\\\/#breadcrumb\",\"itemListElement\":[{\"@type\":\"ListItem\",\"position\":1,\"name\":\"Portada\",\"item\":\"https:\\\/\\\/customizacar.es\\\/\"},{\"@type\":\"ListItem\",\"position\":2,\"name\":\"Nosotros\"}]},{\"@type\":\"WebSite\",\"@id\":\"https:\\\/\\\/mediumturquoise-yak-520047.hostingersite.com\\\/#website\",\"url\":\"https:\\\/\\\/mediumturquoise-yak-520047.hostingersite.com\\\/\",\"name\":\"Customiza Car Details\",\"description\":\"Expertos en Tapicer\u00eda, Detallado y Restauraci\u00f3n de veh\u00edculos en M\u00e1laga\",\"publisher\":{\"@id\":\"https:\\\/\\\/mediumturquoise-yak-520047.hostingersite.com\\\/#organization\"},\"alternateName\":\"CustomizaCar\",\"potentialAction\":[{\"@type\":\"SearchAction\",\"target\":{\"@type\":\"EntryPoint\",\"urlTemplate\":\"https:\\\/\\\/mediumturquoise-yak-520047.hostingersite.com\\\/?s={search_term_string}\"},\"query-input\":{\"@type\":\"PropertyValueSpecification\",\"valueRequired\":true,\"valueName\":\"search_term_string\"}}],\"inLanguage\":\"en-GB\"},{\"@type\":\"Organization\",\"@id\":\"https:\\\/\\\/mediumturquoise-yak-520047.hostingersite.com\\\/#organization\",\"name\":\"Customiza Car Details\",\"url\":\"https:\\\/\\\/mediumturquoise-yak-520047.hostingersite.com\\\/\",\"logo\":{\"@type\":\"ImageObject\",\"inLanguage\":\"en-GB\",\"@id\":\"https:\\\/\\\/mediumturquoise-yak-520047.hostingersite.com\\\/#\\\/schema\\\/logo\\\/image\\\/\",\"url\":\"https:\\\/\\\/customizacar.es\\\/wp-content\\\/uploads\\\/2026\\\/02\\\/cropped-2021-05-07-removebg-preview.png\",\"contentUrl\":\"https:\\\/\\\/customizacar.es\\\/wp-content\\\/uploads\\\/2026\\\/02\\\/cropped-2021-05-07-removebg-preview.png\",\"width\":593,\"height\":237,\"caption\":\"Customiza Car Details\"},\"image\":{\"@id\":\"https:\\\/\\\/mediumturquoise-yak-520047.hostingersite.com\\\/#\\\/schema\\\/logo\\\/image\\\/\"}}]}<\/script>\n<!-- \/ Yoast SEO plugin. -->","yoast_head_json":{"title":"Sobre Nosotros: Expertos en Detailing en M\u00e1laga | Customizacar","description":"Conoce al equipo de Customizacar. Somos apasionados del detailing, la tapicer\u00eda premium y la restauraci\u00f3n de veh\u00edculos en M\u00e1laga. Descubre nuestra historia.","robots":{"index":"index","follow":"follow","max-snippet":"max-snippet:-1","max-image-preview":"max-image-preview:large","max-video-preview":"max-video-preview:-1"},"canonical":"https:\/\/customizacar.es\/en\/nosotros\/","og_locale":"en_GB","og_type":"article","og_title":"Sobre Nosotros: Expertos en Detailing en M\u00e1laga | Customizacar","og_description":"Conoce al equipo de Customizacar. Somos apasionados del detailing, la tapicer\u00eda premium y la restauraci\u00f3n de veh\u00edculos en M\u00e1laga. Descubre nuestra historia.","og_url":"https:\/\/customizacar.es\/en\/nosotros\/","og_site_name":"Customizacar","article_modified_time":"2026-03-15T15:11:36+00:00","og_image":[{"width":512,"height":512,"url":"https:\/\/customizacar.es\/wp-content\/uploads\/2026\/02\/cropped-2021-05-07-removebg-preview-1.png","type":"image\/png"}],"twitter_card":"summary_large_image","twitter_misc":{"Estimated reading time":"2 minutes"},"schema":{"@context":"https:\/\/schema.org","@graph":[{"@type":"WebPage","@id":"https:\/\/customizacar.es\/nosotros\/","url":"https:\/\/customizacar.es\/nosotros\/","name":"Sobre Nosotros: Expertos en Detailing en M\u00e1laga | Customizacar","isPartOf":{"@id":"https:\/\/mediumturquoise-yak-520047.hostingersite.com\/#website"},"primaryImageOfPage":{"@id":"https:\/\/customizacar.es\/nosotros\/#primaryimage"},"image":{"@id":"https:\/\/customizacar.es\/nosotros\/#primaryimage"},"thumbnailUrl":"https:\/\/customizacar.es\/wp-content\/uploads\/2026\/02\/cropped-2021-05-07-removebg-preview-1.png","datePublished":"2026-02-14T16:11:21+00:00","dateModified":"2026-03-15T15:11:36+00:00","description":"Conoce al equipo de Customizacar. Somos apasionados del detailing, la tapicer\u00eda premium y la restauraci\u00f3n de veh\u00edculos en M\u00e1laga. Descubre nuestra historia.","breadcrumb":{"@id":"https:\/\/customizacar.es\/nosotros\/#breadcrumb"},"inLanguage":"en-GB","potentialAction":[{"@type":"ReadAction","target":["https:\/\/customizacar.es\/nosotros\/"]}]},{"@type":"ImageObject","inLanguage":"en-GB","@id":"https:\/\/customizacar.es\/nosotros\/#primaryimage","url":"https:\/\/customizacar.es\/wp-content\/uploads\/2026\/02\/cropped-2021-05-07-removebg-preview-1.png","contentUrl":"https:\/\/customizacar.es\/wp-content\/uploads\/2026\/02\/cropped-2021-05-07-removebg-preview-1.png","width":512,"height":512},{"@type":"BreadcrumbList","@id":"https:\/\/customizacar.es\/nosotros\/#breadcrumb","itemListElement":[{"@type":"ListItem","position":1,"name":"Portada","item":"https:\/\/customizacar.es\/"},{"@type":"ListItem","position":2,"name":"Nosotros"}]},{"@type":"WebSite","@id":"https:\/\/mediumturquoise-yak-520047.hostingersite.com\/#website","url":"https:\/\/mediumturquoise-yak-520047.hostingersite.com\/","name":"Customise Car Details","description":"Expertos en Tapicer\u00eda, Detallado y Restauraci\u00f3n de veh\u00edculos en M\u00e1laga","publisher":{"@id":"https:\/\/mediumturquoise-yak-520047.hostingersite.com\/#organization"},"alternateName":"CustomizaCar","potentialAction":[{"@type":"SearchAction","target":{"@type":"EntryPoint","urlTemplate":"https:\/\/mediumturquoise-yak-520047.hostingersite.com\/?s={search_term_string}"},"query-input":{"@type":"PropertyValueSpecification","valueRequired":true,"valueName":"search_term_string"}}],"inLanguage":"en-GB"},{"@type":"Organization","@id":"https:\/\/mediumturquoise-yak-520047.hostingersite.com\/#organization","name":"Customise Car Details","url":"https:\/\/mediumturquoise-yak-520047.hostingersite.com\/","logo":{"@type":"ImageObject","inLanguage":"en-GB","@id":"https:\/\/mediumturquoise-yak-520047.hostingersite.com\/#\/schema\/logo\/image\/","url":"https:\/\/customizacar.es\/wp-content\/uploads\/2026\/02\/cropped-2021-05-07-removebg-preview.png","contentUrl":"https:\/\/customizacar.es\/wp-content\/uploads\/2026\/02\/cropped-2021-05-07-removebg-preview.png","width":593,"height":237,"caption":"Customiza Car Details"},"image":{"@id":"https:\/\/mediumturquoise-yak-520047.hostingersite.com\/#\/schema\/logo\/image\/"}}]}},"uagb_featured_image_src":{"full":["https:\/\/customizacar.es\/wp-content\/uploads\/2026\/02\/cropped-2021-05-07-removebg-preview-1.png",512,512,false],"thumbnail":["https:\/\/customizacar.es\/wp-content\/uploads\/2026\/02\/cropped-2021-05-07-removebg-preview-1-150x150.png",150,150,true],"medium":["https:\/\/customizacar.es\/wp-content\/uploads\/2026\/02\/cropped-2021-05-07-removebg-preview-1-300x300.png",300,300,true],"medium_large":["https:\/\/customizacar.es\/wp-content\/uploads\/2026\/02\/cropped-2021-05-07-removebg-preview-1.png",512,512,false],"large":["https:\/\/customizacar.es\/wp-content\/uploads\/2026\/02\/cropped-2021-05-07-removebg-preview-1.png",512,512,false],"1536x1536":["https:\/\/customizacar.es\/wp-content\/uploads\/2026\/02\/cropped-2021-05-07-removebg-preview-1.png",512,512,false],"2048x2048":["https:\/\/customizacar.es\/wp-content\/uploads\/2026\/02\/cropped-2021-05-07-removebg-preview-1.png",512,512,false],"trp-custom-language-flag":["https:\/\/customizacar.es\/wp-content\/uploads\/2026\/02\/cropped-2021-05-07-removebg-preview-1-12x12.png",12,12,true]},"uagb_author_info":{"display_name":"franavilesgomez@gmail.com","author_link":"https:\/\/customizacar.es\/en\/author\/franavilesgomezgmail-com\/"},"uagb_comment_info":0,"uagb_excerpt":null,"_links":{"self":[{"href":"https:\/\/customizacar.es\/en\/wp-json\/wp\/v2\/pages\/15","targetHints":{"allow":["GET"]}}],"collection":[{"href":"https:\/\/customizacar.es\/en\/wp-json\/wp\/v2\/pages"}],"about":[{"href":"https:\/\/customizacar.es\/en\/wp-json\/wp\/v2\/types\/page"}],"author":[{"embeddable":true,"href":"https:\/\/customizacar.es\/en\/wp-json\/wp\/v2\/users\/1"}],"replies":[{"embeddable":true,"href":"https:\/\/customizacar.es\/en\/wp-json\/wp\/v2\/comments?post=15"}],"version-history":[{"count":13,"href":"https:\/\/customizacar.es\/en\/wp-json\/wp\/v2\/pages\/15\/revisions"}],"predecessor-version":[{"id":1160,"href":"https:\/\/customizacar.es\/en\/wp-json\/wp\/v2\/pages\/15\/revisions\/1160"}],"wp:featuredmedia":[{"embeddable":true,"href":"https:\/\/customizacar.es\/en\/wp-json\/wp\/v2\/media\/495"}],"wp:attachment":[{"href":"https:\/\/customizacar.es\/en\/wp-json\/wp\/v2\/media?parent=15"}],"curies":[{"name":"wp","href":"https:\/\/api.w.org\/{rel}","templated":true}]}}