{"id":3,"date":"2026-02-14T15:31:08","date_gmt":"2026-02-14T15:31:08","guid":{"rendered":"http:\/\/customizacar.es\/?page_id=3"},"modified":"2026-02-18T18:02:10","modified_gmt":"2026-02-18T18:02:10","slug":"privacy-policy","status":"publish","type":"page","link":"https:\/\/customizacar.es\/en\/privacy-policy\/","title":{"rendered":"Privacy Policy"},"content":{"rendered":"<h3 class=\"wp-block-heading\"><strong>POL\u00cdTICA DE PRIVACIDAD<\/strong><\/h3>\n\n\n\n<p><strong>1. \u00bfQui\u00e9n es el Responsable del tratamiento de tus datos?<\/strong><\/p>\n\n\n\n<ul class=\"wp-block-list\">\n<li><strong>Identidad:<\/strong> Alberto Leite Ribeiro Filho (Nombre comercial: Customiza Car Details)<\/li>\n\n\n\n<li><strong>NIF:<\/strong> X5487552M<\/li>\n\n\n\n<li><strong>Direcci\u00f3n postal:<\/strong> Calle Ja\u00e9n 3, CP 29004 (M\u00e1laga)<\/li>\n\n\n\n<li><strong>Tel\u00e9fono:<\/strong> 643 59 12 42<\/li>\n\n\n\n<li><strong>Correo electr\u00f3nico:<\/strong> <span \n                data-original-string='33DKKIfUW6LqsnSXG5lveg==6c68kfpsd6ajLXRChpjjiev0GyW8R8aEqKzIQEYZlf7KQM='\n                class='apbct-email-encoder'\n                title='This contact has been encoded by Anti-Spam by CleanTalk. Click to decode. To finish the decoding make sure that JavaScript is enabled in your browser.'>in<span class=\"apbct-blur\">**<\/span>@<span class=\"apbct-blur\">**********<\/span>ar.es<\/span><\/li>\n<\/ul>\n\n\n\n<p><strong>2. \u00bfCon qu\u00e9 finalidad tratamos tus datos personales?<\/strong> In <strong>Customise Car Details<\/strong> tratamos la informaci\u00f3n que nos facilitan las personas interesadas con el fin de gestionar el env\u00edo de la informaci\u00f3n que nos soliciten, as\u00ed como facilitar a los interesados ofertas de productos y servicios de su inter\u00e9s relacionados con la limpieza y personalizaci\u00f3n de veh\u00edculos.<\/p>\n\n\n\n<p><strong>3. \u00bfPor cu\u00e1nto tiempo conservaremos tus datos?<\/strong> Los datos personales proporcionados se conservar\u00e1n mientras se mantenga la relaci\u00f3n comercial o no se solicite su supresi\u00f3n por el interesado.<\/p>\n\n\n\n<p><strong>4. \u00bfCu\u00e1l es la legitimaci\u00f3n para el tratamiento de tus datos?<\/strong> La base legal para el tratamiento de sus datos es el consentimiento del interesado al rellenar el formulario de contacto o al escribirnos v\u00eda WhatsApp aceptando nuestra pol\u00edtica de privacidad.<\/p>\n\n\n\n<p><strong>5. \u00bfA qu\u00e9 destinatarios se comunicar\u00e1n tus datos?<\/strong> No se ceder\u00e1n datos a terceros, salvo obligaci\u00f3n legal.<\/p>\n\n\n\n<p><strong>6. \u00bfCu\u00e1les son tus derechos cuando nos facilitas tus datos?<\/strong> Cualquier persona tiene derecho a obtener confirmaci\u00f3n sobre si en <strong>Customise Car Details<\/strong> estamos tratando datos personales que les conciernan, o no. Las personas interesadas tienen derecho a acceder a sus datos personales, as\u00ed como a solicitar la rectificaci\u00f3n de los datos inexactos o, en su caso, solicitar su supresi\u00f3n cuando, entre otros motivos, los datos ya no sean necesarios para los fines que fueron recogidos.<\/p>\n\n\n\n<p>Para ejercer estos derechos, puedes enviar un correo electr\u00f3nico a <strong><span \n                data-original-string='f6Jm09ZJWYKBU7ljF38Lpw==6c6O9fhkTkuVmCF7TEXP8PEKx0R4HRbm4LVZTxv3kzrI2o='\n                class='apbct-email-encoder'\n                title='This contact has been encoded by Anti-Spam by CleanTalk. Click to decode. To finish the decoding make sure that JavaScript is enabled in your browser.'>in<span class=\"apbct-blur\">**<\/span>@<span class=\"apbct-blur\">**********<\/span>ar.es<\/span><\/strong>.<\/p>","protected":false},"excerpt":{"rendered":"<p>POL\u00cdTICA DE PRIVACIDAD 1. \u00bfQui\u00e9n es el Responsable del tratamiento de tus datos? 2. \u00bfCon qu\u00e9 finalidad tratamos tus datos personales? En Customiza Car Details tratamos la informaci\u00f3n que nos facilitan las personas interesadas con el fin de gestionar el env\u00edo de la informaci\u00f3n que nos soliciten, as\u00ed como facilitar a los interesados ofertas de&#8230;<\/p>","protected":false},"author":1,"featured_media":0,"parent":0,"menu_order":0,"comment_status":"closed","ping_status":"open","template":"","meta":{"_uag_custom_page_level_css":"","_kad_post_transparent":"disable","_kad_post_title":"hide","_kad_post_layout":"fullwidth","_kad_post_sidebar_id":"","_kad_post_content_style":"unboxed","_kad_post_vertical_padding":"hide","_kad_post_feature":"hide","_kad_post_feature_position":"","_kad_post_header":false,"_kad_post_footer":false,"_kad_post_classname":"","footnotes":""},"class_list":["post-3","page","type-page","status-publish","hentry"],"yoast_head":"<!-- This site is optimized with the Yoast SEO plugin v27.3 - https:\/\/yoast.com\/product\/yoast-seo-wordpress\/ -->\n<title>Privacy Policy | Customizacar<\/title>\n<meta name=\"robots\" content=\"index, follow, max-snippet:-1, max-image-preview:large, max-video-preview:-1\" \/>\n<link rel=\"canonical\" href=\"https:\/\/customizacar.es\/en\/privacy-policy\/\" \/>\n<meta property=\"og:locale\" content=\"en_GB\" \/>\n<meta property=\"og:type\" content=\"article\" \/>\n<meta property=\"og:title\" content=\"Privacy Policy | Customizacar\" \/>\n<meta property=\"og:description\" content=\"POL\u00cdTICA DE PRIVACIDAD 1. \u00bfQui\u00e9n es el Responsable del tratamiento de tus datos? 2. \u00bfCon qu\u00e9 finalidad tratamos tus datos personales? En Customiza Car Details tratamos la informaci\u00f3n que nos facilitan las personas interesadas con el fin de gestionar el env\u00edo de la informaci\u00f3n que nos soliciten, as\u00ed como facilitar a los interesados ofertas de...\" \/>\n<meta property=\"og:url\" content=\"https:\/\/customizacar.es\/en\/privacy-policy\/\" \/>\n<meta property=\"og:site_name\" content=\"Customizacar\" \/>\n<meta property=\"article:modified_time\" content=\"2026-02-18T18:02:10+00:00\" \/>\n<meta property=\"og:image\" content=\"https:\/\/customizacar.es\/wp-content\/uploads\/2026\/02\/2021-05-07-removebg-preview-2.png\" \/>\n\t<meta property=\"og:image:width\" content=\"594\" \/>\n\t<meta property=\"og:image:height\" content=\"420\" \/>\n\t<meta property=\"og:image:type\" content=\"image\/png\" \/>\n<meta name=\"twitter:card\" content=\"summary_large_image\" \/>\n<meta name=\"twitter:label1\" content=\"Estimated reading time\" \/>\n\t<meta name=\"twitter:data1\" content=\"1 minute\" \/>\n<script type=\"application\/ld+json\" class=\"yoast-schema-graph\">{\"@context\":\"https:\\\/\\\/schema.org\",\"@graph\":[{\"@type\":\"WebPage\",\"@id\":\"https:\\\/\\\/customizacar.es\\\/privacy-policy\\\/\",\"url\":\"https:\\\/\\\/customizacar.es\\\/privacy-policy\\\/\",\"name\":\"Privacy Policy | Customizacar\",\"isPartOf\":{\"@id\":\"https:\\\/\\\/mediumturquoise-yak-520047.hostingersite.com\\\/#website\"},\"datePublished\":\"2026-02-14T15:31:08+00:00\",\"dateModified\":\"2026-02-18T18:02:10+00:00\",\"breadcrumb\":{\"@id\":\"https:\\\/\\\/customizacar.es\\\/privacy-policy\\\/#breadcrumb\"},\"inLanguage\":\"en-GB\",\"potentialAction\":[{\"@type\":\"ReadAction\",\"target\":[\"https:\\\/\\\/customizacar.es\\\/privacy-policy\\\/\"]}]},{\"@type\":\"BreadcrumbList\",\"@id\":\"https:\\\/\\\/customizacar.es\\\/privacy-policy\\\/#breadcrumb\",\"itemListElement\":[{\"@type\":\"ListItem\",\"position\":1,\"name\":\"Portada\",\"item\":\"https:\\\/\\\/customizacar.es\\\/\"},{\"@type\":\"ListItem\",\"position\":2,\"name\":\"Privacy Policy\"}]},{\"@type\":\"WebSite\",\"@id\":\"https:\\\/\\\/mediumturquoise-yak-520047.hostingersite.com\\\/#website\",\"url\":\"https:\\\/\\\/mediumturquoise-yak-520047.hostingersite.com\\\/\",\"name\":\"Customiza Car Details\",\"description\":\"Expertos en Tapicer\u00eda, Detallado y Restauraci\u00f3n de veh\u00edculos en M\u00e1laga\",\"publisher\":{\"@id\":\"https:\\\/\\\/mediumturquoise-yak-520047.hostingersite.com\\\/#organization\"},\"alternateName\":\"CustomizaCar\",\"potentialAction\":[{\"@type\":\"SearchAction\",\"target\":{\"@type\":\"EntryPoint\",\"urlTemplate\":\"https:\\\/\\\/mediumturquoise-yak-520047.hostingersite.com\\\/?s={search_term_string}\"},\"query-input\":{\"@type\":\"PropertyValueSpecification\",\"valueRequired\":true,\"valueName\":\"search_term_string\"}}],\"inLanguage\":\"en-GB\"},{\"@type\":\"Organization\",\"@id\":\"https:\\\/\\\/mediumturquoise-yak-520047.hostingersite.com\\\/#organization\",\"name\":\"Customiza Car Details\",\"url\":\"https:\\\/\\\/mediumturquoise-yak-520047.hostingersite.com\\\/\",\"logo\":{\"@type\":\"ImageObject\",\"inLanguage\":\"en-GB\",\"@id\":\"https:\\\/\\\/mediumturquoise-yak-520047.hostingersite.com\\\/#\\\/schema\\\/logo\\\/image\\\/\",\"url\":\"https:\\\/\\\/customizacar.es\\\/wp-content\\\/uploads\\\/2026\\\/02\\\/cropped-2021-05-07-removebg-preview.png\",\"contentUrl\":\"https:\\\/\\\/customizacar.es\\\/wp-content\\\/uploads\\\/2026\\\/02\\\/cropped-2021-05-07-removebg-preview.png\",\"width\":593,\"height\":237,\"caption\":\"Customiza Car Details\"},\"image\":{\"@id\":\"https:\\\/\\\/mediumturquoise-yak-520047.hostingersite.com\\\/#\\\/schema\\\/logo\\\/image\\\/\"}}]}<\/script>\n<!-- \/ Yoast SEO plugin. -->","yoast_head_json":{"title":"Privacy Policy | Customizacar","robots":{"index":"index","follow":"follow","max-snippet":"max-snippet:-1","max-image-preview":"max-image-preview:large","max-video-preview":"max-video-preview:-1"},"canonical":"https:\/\/customizacar.es\/en\/privacy-policy\/","og_locale":"en_GB","og_type":"article","og_title":"Privacy Policy | Customizacar","og_description":"POL\u00cdTICA DE PRIVACIDAD 1. \u00bfQui\u00e9n es el Responsable del tratamiento de tus datos? 2. \u00bfCon qu\u00e9 finalidad tratamos tus datos personales? En Customiza Car Details tratamos la informaci\u00f3n que nos facilitan las personas interesadas con el fin de gestionar el env\u00edo de la informaci\u00f3n que nos soliciten, as\u00ed como facilitar a los interesados ofertas de...","og_url":"https:\/\/customizacar.es\/en\/privacy-policy\/","og_site_name":"Customizacar","article_modified_time":"2026-02-18T18:02:10+00:00","og_image":[{"width":594,"height":420,"url":"https:\/\/customizacar.es\/wp-content\/uploads\/2026\/02\/2021-05-07-removebg-preview-2.png","type":"image\/png"}],"twitter_card":"summary_large_image","twitter_misc":{"Estimated reading time":"1 minute"},"schema":{"@context":"https:\/\/schema.org","@graph":[{"@type":"WebPage","@id":"https:\/\/customizacar.es\/privacy-policy\/","url":"https:\/\/customizacar.es\/privacy-policy\/","name":"Privacy Policy | Customizacar","isPartOf":{"@id":"https:\/\/mediumturquoise-yak-520047.hostingersite.com\/#website"},"datePublished":"2026-02-14T15:31:08+00:00","dateModified":"2026-02-18T18:02:10+00:00","breadcrumb":{"@id":"https:\/\/customizacar.es\/privacy-policy\/#breadcrumb"},"inLanguage":"en-GB","potentialAction":[{"@type":"ReadAction","target":["https:\/\/customizacar.es\/privacy-policy\/"]}]},{"@type":"BreadcrumbList","@id":"https:\/\/customizacar.es\/privacy-policy\/#breadcrumb","itemListElement":[{"@type":"ListItem","position":1,"name":"Portada","item":"https:\/\/customizacar.es\/"},{"@type":"ListItem","position":2,"name":"Privacy Policy"}]},{"@type":"WebSite","@id":"https:\/\/mediumturquoise-yak-520047.hostingersite.com\/#website","url":"https:\/\/mediumturquoise-yak-520047.hostingersite.com\/","name":"Customise Car Details","description":"Expertos en Tapicer\u00eda, Detallado y Restauraci\u00f3n de veh\u00edculos en M\u00e1laga","publisher":{"@id":"https:\/\/mediumturquoise-yak-520047.hostingersite.com\/#organization"},"alternateName":"CustomizaCar","potentialAction":[{"@type":"SearchAction","target":{"@type":"EntryPoint","urlTemplate":"https:\/\/mediumturquoise-yak-520047.hostingersite.com\/?s={search_term_string}"},"query-input":{"@type":"PropertyValueSpecification","valueRequired":true,"valueName":"search_term_string"}}],"inLanguage":"en-GB"},{"@type":"Organization","@id":"https:\/\/mediumturquoise-yak-520047.hostingersite.com\/#organization","name":"Customise Car Details","url":"https:\/\/mediumturquoise-yak-520047.hostingersite.com\/","logo":{"@type":"ImageObject","inLanguage":"en-GB","@id":"https:\/\/mediumturquoise-yak-520047.hostingersite.com\/#\/schema\/logo\/image\/","url":"https:\/\/customizacar.es\/wp-content\/uploads\/2026\/02\/cropped-2021-05-07-removebg-preview.png","contentUrl":"https:\/\/customizacar.es\/wp-content\/uploads\/2026\/02\/cropped-2021-05-07-removebg-preview.png","width":593,"height":237,"caption":"Customiza Car Details"},"image":{"@id":"https:\/\/mediumturquoise-yak-520047.hostingersite.com\/#\/schema\/logo\/image\/"}}]}},"uagb_featured_image_src":{"full":false,"thumbnail":false,"medium":false,"medium_large":false,"large":false,"1536x1536":false,"2048x2048":false,"trp-custom-language-flag":false},"uagb_author_info":{"display_name":"franavilesgomez@gmail.com","author_link":"https:\/\/customizacar.es\/en\/author\/franavilesgomezgmail-com\/"},"uagb_comment_info":0,"uagb_excerpt":"POL\u00cdTICA DE PRIVACIDAD 1. \u00bfQui\u00e9n es el Responsable del tratamiento de tus datos? 2. \u00bfCon qu\u00e9 finalidad tratamos tus datos personales? En Customiza Car Details tratamos la informaci\u00f3n que nos facilitan las personas interesadas con el fin de gestionar el env\u00edo de la informaci\u00f3n que nos soliciten, as\u00ed como facilitar a los interesados ofertas de...","_links":{"self":[{"href":"https:\/\/customizacar.es\/en\/wp-json\/wp\/v2\/pages\/3","targetHints":{"allow":["GET"]}}],"collection":[{"href":"https:\/\/customizacar.es\/en\/wp-json\/wp\/v2\/pages"}],"about":[{"href":"https:\/\/customizacar.es\/en\/wp-json\/wp\/v2\/types\/page"}],"author":[{"embeddable":true,"href":"https:\/\/customizacar.es\/en\/wp-json\/wp\/v2\/users\/1"}],"replies":[{"embeddable":true,"href":"https:\/\/customizacar.es\/en\/wp-json\/wp\/v2\/comments?post=3"}],"version-history":[{"count":2,"href":"https:\/\/customizacar.es\/en\/wp-json\/wp\/v2\/pages\/3\/revisions"}],"predecessor-version":[{"id":639,"href":"https:\/\/customizacar.es\/en\/wp-json\/wp\/v2\/pages\/3\/revisions\/639"}],"wp:attachment":[{"href":"https:\/\/customizacar.es\/en\/wp-json\/wp\/v2\/media?parent=3"}],"curies":[{"name":"wp","href":"https:\/\/api.w.org\/{rel}","templated":true}]}}